{"id":932,"date":"2022-03-30T18:53:16","date_gmt":"2022-03-30T16:53:16","guid":{"rendered":"http:\/\/localhost\/kati-bischoffberger\/cms\/?page_id=932"},"modified":"2022-05-24T11:38:52","modified_gmt":"2022-05-24T09:38:52","slug":"vita","status":"publish","type":"page","link":"https:\/\/kati-bischoffberger.com\/cms\/vita\/","title":{"rendered":"Vita"},"content":{"rendered":"\n<div class=\"wp-block-columns vita is-layout-flex wp-container-core-columns-is-layout-28f84493 wp-block-columns-is-layout-flex\">\n<div class=\"wp-block-column is-layout-flow wp-block-column-is-layout-flow\" style=\"flex-basis:30%\">\n<div class=\"wp-block-group vita-bildgruppe is-layout-flow wp-block-group-is-layout-flow\">\n<div class=\"wp-block-group vita-hintergrund has-background is-layout-flow wp-block-group-is-layout-flow\" style=\"background-color:#b1dbfb\"><\/div>\n\n\n\n<figure class=\"wp-block-image size-full vita-bild\"><img loading=\"lazy\" decoding=\"async\" width=\"516\" height=\"637\" src=\"http:\/\/kati-bischoffberger.com\/cms\/wp-content\/uploads\/Kati_Vita_01.jpg\" alt=\"\" class=\"wp-image-1938\" srcset=\"https:\/\/kati-bischoffberger.com\/cms\/wp-content\/uploads\/Kati_Vita_01.jpg 516w, https:\/\/kati-bischoffberger.com\/cms\/wp-content\/uploads\/Kati_Vita_01-243x300.jpg 243w\" sizes=\"auto, (max-width: 516px) 100vw, 516px\" \/><\/figure>\n<\/div>\n<\/div>\n\n\n\n<div class=\"wp-block-column is-layout-flow wp-block-column-is-layout-flow\" style=\"padding-left:4rem;flex-basis:50%\">\n<h2 class=\"wp-block-heading\">Vita<\/h2>\n\n\n\n<div class=\"wp-block-image vita\"><figure class=\"alignleft size-full is-resized\"><img loading=\"lazy\" decoding=\"async\" src=\"http:\/\/kati-bischoffberger.com\/cms\/wp-content\/uploads\/Kreis_02.png\" alt=\"\" class=\"wp-image-1803\" width=\"70\" height=\"70\" srcset=\"https:\/\/kati-bischoffberger.com\/cms\/wp-content\/uploads\/Kreis_02.png 200w, https:\/\/kati-bischoffberger.com\/cms\/wp-content\/uploads\/Kreis_02-150x150.png 150w\" sizes=\"auto, (max-width: 70px) 100vw, 70px\" \/><\/figure><\/div>\n\n\n\n<p style=\"font-style:normal;font-weight:300;letter-spacing:0.03125rem\"><span class=\"vita\">1968<\/span><br>geboren in Vogtland, aufgewachsen in Dresden<\/p>\n\n\n\n<div class=\"wp-block-image vita\"><figure class=\"alignleft size-full is-resized\"><img loading=\"lazy\" decoding=\"async\" src=\"http:\/\/kati-bischoffberger.com\/cms\/wp-content\/uploads\/Kreis_03.png\" alt=\"\" class=\"wp-image-1804\" width=\"70\" height=\"70\" srcset=\"https:\/\/kati-bischoffberger.com\/cms\/wp-content\/uploads\/Kreis_03.png 200w, https:\/\/kati-bischoffberger.com\/cms\/wp-content\/uploads\/Kreis_03-150x150.png 150w\" sizes=\"auto, (max-width: 70px) 100vw, 70px\" \/><\/figure><\/div>\n\n\n\n<p style=\"font-style:normal;font-weight:300;letter-spacing:0.03125rem\"><span class=\"vita\">1996<\/span><br>Diplom Malerei\/ Grafik\/ Textil bei Prof. I. G\u00f6tze und Prof. U. Reimkasten and der Hochschule f\u00fcr Kunst und Design Halle\/ Burg Giebichenstein<\/p>\n\n\n\n<div class=\"wp-block-image\"><figure class=\"alignleft size-full is-resized\"><img loading=\"lazy\" decoding=\"async\" src=\"http:\/\/kati-bischoffberger.com\/cms\/wp-content\/uploads\/Kreis_01.png\" alt=\"\" class=\"wp-image-1802\" width=\"70\" height=\"70\" srcset=\"https:\/\/kati-bischoffberger.com\/cms\/wp-content\/uploads\/Kreis_01.png 200w, https:\/\/kati-bischoffberger.com\/cms\/wp-content\/uploads\/Kreis_01-150x150.png 150w\" sizes=\"auto, (max-width: 70px) 100vw, 70px\" \/><\/figure><\/div>\n\n\n\n<p style=\"font-style:normal;font-weight:300;letter-spacing:0.03125rem\"><span class=\"vita\">1997<\/span><br>Graduiertenf\u00f6rderungsstipendium des Landes Sachsen-Anhalt<\/p>\n\n\n\n<div class=\"wp-block-image\"><figure class=\"alignleft size-full is-resized\"><img loading=\"lazy\" decoding=\"async\" src=\"http:\/\/kati-bischoffberger.com\/cms\/wp-content\/uploads\/Kreis_02.png\" alt=\"\" class=\"wp-image-1803\" width=\"70\" height=\"70\" srcset=\"https:\/\/kati-bischoffberger.com\/cms\/wp-content\/uploads\/Kreis_02.png 200w, https:\/\/kati-bischoffberger.com\/cms\/wp-content\/uploads\/Kreis_02-150x150.png 150w\" sizes=\"auto, (max-width: 70px) 100vw, 70px\" \/><\/figure><\/div>\n\n\n\n<p style=\"font-style:normal;font-weight:300;letter-spacing:0.03125rem\"><span class=\"vita\">1998<\/span><br>selbst\u00e4ndig t\u00e4tig als Malerin\/ Grafikerin<\/p>\n<\/div>\n<\/div>\n\n\n\n<div class=\"wp-block-columns is-layout-flex wp-container-core-columns-is-layout-28f84493 wp-block-columns-is-layout-flex\">\n<div class=\"wp-block-column is-layout-flow wp-block-column-is-layout-flow\" style=\"padding-top:3rem;padding-bottom:3rem\">\n<div class=\"wp-block-image\"><figure class=\"aligncenter size-full is-resized\"><img loading=\"lazy\" decoding=\"async\" src=\"http:\/\/kati-bischoffberger.com\/cms\/wp-content\/uploads\/Trennelement.jpeg\" alt=\"\" class=\"wp-image-1774\" width=\"500\" height=\"299\" srcset=\"https:\/\/kati-bischoffberger.com\/cms\/wp-content\/uploads\/Trennelement.jpeg 666w, https:\/\/kati-bischoffberger.com\/cms\/wp-content\/uploads\/Trennelement-300x180.jpeg 300w\" sizes=\"auto, (max-width: 500px) 100vw, 500px\" \/><\/figure><\/div>\n<\/div>\n<\/div>\n\n\n\n<div class=\"wp-block-columns is-layout-flex wp-container-core-columns-is-layout-28f84493 wp-block-columns-is-layout-flex\">\n<div class=\"wp-block-column is-layout-flow wp-block-column-is-layout-flow\">\n<h2 class=\"has-text-align-center wp-block-heading\">Im Gespr\u00e4ch mit Zabine Eichler (Ultramaringelb)<\/h2>\n\n\n\n<div style=\"height:1rem\" aria-hidden=\"true\" class=\"wp-block-spacer\"><\/div>\n\n\n\n<p><span style=\"font-weight: 700;\">Entscheidest du dich beim Bearbeiten f\u00fcr ein Geschlecht deines Objektes?<\/span> <br>Eigentlich nicht, ich schaue es einfach nur an und \u00fcberlege wie ich es Strom sparend dauerhaft zum Leuchten bringen kann. Ich erforsche so zu sagen neue Energiequellen. <\/p>\n\n\n\n<p><span style=\"font-weight: 700;\">Beeinflusst dich diese Wahl bei deiner Herangehensweise?<\/span><br>Na klar, man sollte doch nie die Gem\u00fctslage eines australischen Beutelb\u00e4ren vergessen.<\/p>\n\n\n\n<p><span style=\"font-weight: 700;\">Hast du dich auch schon mal get\u00e4uscht?<\/span><br>Ja, in der Berufswahl, ich habe mal eine Ausbildung zur Kleidungsfacharbeiterin absolviert. <\/p>\n\n\n\n<p><span style=\"font-weight: 700;\">Gibt es lebende Vorbilder und k\u00f6nnen die singen?<\/span><br>Der Barock und die Verbindung von Riesenmolek\u00fclen beim Gesang der Mireille sind doch umwerfend, oder?<\/p>\n\n\n\n<p><span style=\"font-weight: 700;\">Was haben eigentlich ein Plastikkranz, ein Wandbord mit Federohren und die Hoffnung mit Italien zu tun?<\/span><br>Es geht hier, wie in fast allen meinen Arbeiten um die Liebe und deren Fl\u00fcgel, die in alle H\u00f6hen wie H\u00f6llen f\u00fchren k\u00f6nnen. Dementsprechend sieht dann unser t\u00e4gliches Miteinander aus. Und dann w\u00e4re da noch die Sch\u00f6nheit, die doch alles leichter macht \u2013 oder wozu ist die Hoffnung da?<\/p>\n\n\n\n<p><span style=\"font-weight: 700;\">Was h\u00e4ltst du von einem puristischen Einrichtungsstil?<\/span><br>Mir w\u00fcrde der \u00dcberfluss fehlen.<\/p>\n\n\n\n<p><span style=\"font-weight: 700;\">Hast du schon einmal ein gebrochenes Herz gesehen?<\/span><br>Viele, darum male ich doch. <\/p>\n\n\n\n<p><span style=\"font-weight: 700;\">Du hast ein gutes Raumgef\u00fchl und eine Rechts-Links-Schw\u00e4che. Wie wirken sich diese Veranlagungen auf deine Arbeit aus?<\/span><br>Kaum, ob rechts der Kanarienvogel und links der Genuss, die Tendenz zum Gl\u00fcck inkarniert immer in ein Segelboot. <\/p>\n\n\n\n<p><span style=\"font-weight: 700;\">W\u00e4rst du gern Botschafterin?<\/span><br>Botschafterin daf\u00fcr, dass auch die innere Wirklichkeit real ist, dass die Liebe uns am Leben h\u00e4lt, aus ihr heraus die Sch\u00f6nheit erw\u00e4chst und sie uns st\u00e4rkt, tr\u00f6stet\u2026<\/p>\n\n\n\n<p><span style=\"font-weight: 700;\">W\u00fcrdest du in meinem n\u00e4chsten Urlaub meinen Tiger f\u00fcttern?<\/span><br>Ja. (Ich glaube du w\u00fcrdest ihn nicht nur f\u00fcttern, sondern ihm eine Blume ans \u00d6hrchen heften\u2026)<\/p>\n<\/div>\n<\/div>\n\n\n\n<div style=\"height:4rem\" aria-hidden=\"true\" class=\"wp-block-spacer\"><\/div>\n","protected":false},"excerpt":{"rendered":"<p>Vita 1968geboren in Vogtland, aufgewachsen in Dresden 1996Diplom Malerei\/ Grafik\/ Textil bei Prof. I. G\u00f6tze und Prof. U. Reimkasten and der Hochschule f\u00fcr Kunst und Design Halle\/ Burg Giebichenstein 1997Graduiertenf\u00f6rderungsstipendium des Landes Sachsen-Anhalt 1998selbst\u00e4ndig t\u00e4tig als Malerin\/ Grafikerin Im Gespr\u00e4ch mit Zabine Eichler (Ultramaringelb) Entscheidest du dich beim Bearbeiten f\u00fcr ein Geschlecht deines Objektes? Eigentlich [&hellip;]<\/p>\n","protected":false},"author":1,"featured_media":0,"parent":0,"menu_order":6,"comment_status":"closed","ping_status":"closed","template":"","meta":{"footnotes":""},"class_list":["post-932","page","type-page","status-publish","hentry"],"_links":{"self":[{"href":"https:\/\/kati-bischoffberger.com\/cms\/wp-json\/wp\/v2\/pages\/932","targetHints":{"allow":["GET"]}}],"collection":[{"href":"https:\/\/kati-bischoffberger.com\/cms\/wp-json\/wp\/v2\/pages"}],"about":[{"href":"https:\/\/kati-bischoffberger.com\/cms\/wp-json\/wp\/v2\/types\/page"}],"author":[{"embeddable":true,"href":"https:\/\/kati-bischoffberger.com\/cms\/wp-json\/wp\/v2\/users\/1"}],"replies":[{"embeddable":true,"href":"https:\/\/kati-bischoffberger.com\/cms\/wp-json\/wp\/v2\/comments?post=932"}],"version-history":[{"count":102,"href":"https:\/\/kati-bischoffberger.com\/cms\/wp-json\/wp\/v2\/pages\/932\/revisions"}],"predecessor-version":[{"id":2119,"href":"https:\/\/kati-bischoffberger.com\/cms\/wp-json\/wp\/v2\/pages\/932\/revisions\/2119"}],"wp:attachment":[{"href":"https:\/\/kati-bischoffberger.com\/cms\/wp-json\/wp\/v2\/media?parent=932"}],"curies":[{"name":"wp","href":"https:\/\/api.w.org\/{rel}","templated":true}]}}