{"id":1099,"date":"2022-03-31T14:21:52","date_gmt":"2022-03-31T12:21:52","guid":{"rendered":"http:\/\/localhost\/kati-bischoffberger\/cms\/?page_id=1099"},"modified":"2022-06-21T12:53:42","modified_gmt":"2022-06-21T10:53:42","slug":"news-kurse","status":"publish","type":"page","link":"https:\/\/kati-bischoffberger.com\/cms\/news-kurse\/","title":{"rendered":"News"},"content":{"rendered":"\n<h2 class=\"has-text-align-center wp-block-heading\">News<\/h2>\n\n\n\n<div class=\"wp-block-group is-layout-flow wp-block-group-is-layout-flow\">\n<p class=\"has-text-align-center showcase\">Hier m\u00f6chte ich Ihnen zeigen, welche Art von Kunst ich schaffe. Sie werden mich kennenlernen und k\u00f6nnen zugleich einen \u00dcberblick von meinen Arbeiten bekommen.<\/p>\n\n\n\n<div style=\"height:3rem\" aria-hidden=\"true\" class=\"wp-block-spacer zwischenraum\"><\/div>\n<\/div>\n\n\n\n<div class=\"wp-block-columns news is-layout-flex wp-container-core-columns-is-layout-28f84493 wp-block-columns-is-layout-flex\">\n<div class=\"wp-block-column is-layout-flow wp-block-column-is-layout-flow\" style=\"flex-basis:25%\"><\/div>\n\n\n\n<div class=\"wp-block-column is-layout-flow wp-block-column-is-layout-flow\" style=\"flex-basis:55%\">\n<div class=\"wp-block-query is-layout-constrained wp-container-core-query-is-layout-b8b2d035 wp-block-query-is-layout-constrained\"><ul class=\"wp-block-post-template is-layout-flow wp-block-post-template-is-layout-flow\"><li class=\"wp-block-post post-2262 post type-post status-publish format-standard has-post-thumbnail hentry category-news\">\n\n<div class=\"wp-block-columns are-vertically-aligned-top is-layout-flex wp-container-core-columns-is-layout-28f84493 wp-block-columns-is-layout-flex\">\n<div class=\"wp-block-column is-vertically-aligned-top is-layout-flow wp-block-column-is-layout-flow\" style=\"padding-top:1rem;flex-basis:84px\"><figure style=\"height:70px;\" class=\"wp-block-post-featured-image\"><a href=\"https:\/\/kati-bischoffberger.com\/cms\/sommerpause-wegen-urlaub-und-weiterbildungen\/\" target=\"_self\"  style=\"height:70px\"><img loading=\"lazy\" decoding=\"async\" width=\"200\" height=\"200\" src=\"https:\/\/kati-bischoffberger.com\/cms\/wp-content\/uploads\/Kreis_01.png\" class=\"attachment-post-thumbnail size-post-thumbnail wp-post-image\" alt=\"EINSEIN zieht um\" style=\"height:70px;object-fit:contain;\" srcset=\"https:\/\/kati-bischoffberger.com\/cms\/wp-content\/uploads\/Kreis_01.png 200w, https:\/\/kati-bischoffberger.com\/cms\/wp-content\/uploads\/Kreis_01-150x150.png 150w\" sizes=\"auto, (max-width: 200px) 100vw, 200px\" \/><\/a><\/figure><\/div>\n\n\n\n<div class=\"wp-block-column is-vertically-aligned-top is-layout-flow wp-block-column-is-layout-flow\"><h3 class=\"wp-block-post-title\"><a href=\"https:\/\/kati-bischoffberger.com\/cms\/sommerpause-wegen-urlaub-und-weiterbildungen\/\" target=\"_self\" >EINSEIN zieht um<\/a><\/h3>\n\n<div class=\"entry-content wp-block-post-content is-layout-flow wp-block-post-content-is-layout-flow\">\n<p>29. September 2023  &#8211;  31. Dezember 2023<\/p>\n\n\n\n<p>Ausstellungspart der Ausstellung EINSEIN <\/p>\n\n\n\n<p><strong>Freitag &nbsp;29. 9. 2023  August-Theater Dresden<\/strong>   19:30 Uhr<\/p>\n\n\n\n<p><\/p>\n\n\n\n<p><\/p>\n\n\n\n<p><\/p>\n\n\n\n <a href=\"https:\/\/kati-bischoffberger.com\/cms\/sommerpause-wegen-urlaub-und-weiterbildungen\/#more-2262\" class=\"more-link\"><span aria-label=\"EINSEIN zieht um weiterlesen\">(mehr\u00a0&hellip;)<\/span><\/a><\/div>\n\n\n<div style=\"height:3rem\" aria-hidden=\"true\" class=\"wp-block-spacer\"><\/div>\n<\/div>\n<\/div>\n\n<\/li><li class=\"wp-block-post post-2251 post type-post status-publish format-standard has-post-thumbnail hentry category-news tag-ausstellungseroeffnung tag-vernissage\">\n\n<div class=\"wp-block-columns are-vertically-aligned-top is-layout-flex wp-container-core-columns-is-layout-28f84493 wp-block-columns-is-layout-flex\">\n<div class=\"wp-block-column is-vertically-aligned-top is-layout-flow wp-block-column-is-layout-flow\" style=\"padding-top:1rem;flex-basis:84px\"><figure style=\"height:70px;\" class=\"wp-block-post-featured-image\"><a href=\"https:\/\/kati-bischoffberger.com\/cms\/herzschlag-wiese-meer\/\" target=\"_self\"  style=\"height:70px\"><img loading=\"lazy\" decoding=\"async\" width=\"200\" height=\"200\" src=\"https:\/\/kati-bischoffberger.com\/cms\/wp-content\/uploads\/Kreis_02.png\" class=\"attachment-post-thumbnail size-post-thumbnail wp-post-image\" alt=\"Herzschlag  Wiese  Meer\" style=\"height:70px;object-fit:contain;\" srcset=\"https:\/\/kati-bischoffberger.com\/cms\/wp-content\/uploads\/Kreis_02.png 200w, https:\/\/kati-bischoffberger.com\/cms\/wp-content\/uploads\/Kreis_02-150x150.png 150w\" sizes=\"auto, (max-width: 200px) 100vw, 200px\" \/><\/a><\/figure><\/div>\n\n\n\n<div class=\"wp-block-column is-vertically-aligned-top is-layout-flow wp-block-column-is-layout-flow\"><h3 class=\"wp-block-post-title\"><a href=\"https:\/\/kati-bischoffberger.com\/cms\/herzschlag-wiese-meer\/\" target=\"_self\" >Herzschlag  Wiese  Meer<\/a><\/h3>\n\n<div class=\"entry-content wp-block-post-content is-layout-flow wp-block-post-content-is-layout-flow\">\n<p>Arbeiten auf Papier und Ufer\u00fcberfluss<\/p>\n\n\n\n<p><strong>Sankt Pieschen<\/strong><\/p>\n\n\n\n<p>Ausstellungser\u00f6ffnung 3. Juni  17 Uhr  &#8211;<\/p>\n\n\n\n<p>mit Verlosung des schillernden Leuchtobjektes &#8222;Nicht die hellste Leuchte&#8220;<\/p>\n\n\n\n<figure class=\"wp-block-image size-large\"><img loading=\"lazy\" decoding=\"async\" width=\"1024\" height=\"512\" src=\"https:\/\/kati-bischoffberger.com\/cms\/wp-content\/uploads\/Einladung-Wiese-2-1024x512.jpg\" alt=\"\" class=\"wp-image-2259\" srcset=\"https:\/\/kati-bischoffberger.com\/cms\/wp-content\/uploads\/Einladung-Wiese-2-1024x512.jpg 1024w, https:\/\/kati-bischoffberger.com\/cms\/wp-content\/uploads\/Einladung-Wiese-2-300x150.jpg 300w, https:\/\/kati-bischoffberger.com\/cms\/wp-content\/uploads\/Einladung-Wiese-2-768x384.jpg 768w, https:\/\/kati-bischoffberger.com\/cms\/wp-content\/uploads\/Einladung-Wiese-2-1536x768.jpg 1536w, https:\/\/kati-bischoffberger.com\/cms\/wp-content\/uploads\/Einladung-Wiese-2-2048x1024.jpg 2048w\" sizes=\"auto, (max-width: 1024px) 100vw, 1024px\" \/><\/figure>\n\n\n\n<p><\/p>\n<\/div>\n\n\n<div style=\"height:3rem\" aria-hidden=\"true\" class=\"wp-block-spacer\"><\/div>\n<\/div>\n<\/div>\n\n<\/li><li class=\"wp-block-post post-2161 post type-post status-publish format-standard has-post-thumbnail hentry category-news\">\n\n<div class=\"wp-block-columns are-vertically-aligned-top is-layout-flex wp-container-core-columns-is-layout-28f84493 wp-block-columns-is-layout-flex\">\n<div class=\"wp-block-column is-vertically-aligned-top is-layout-flow wp-block-column-is-layout-flow\" style=\"padding-top:1rem;flex-basis:84px\"><figure style=\"height:70px;\" class=\"wp-block-post-featured-image\"><a href=\"https:\/\/kati-bischoffberger.com\/cms\/sommerpause-15-7-20-08\/\" target=\"_self\"  style=\"height:70px\"><img loading=\"lazy\" decoding=\"async\" width=\"200\" height=\"200\" src=\"https:\/\/kati-bischoffberger.com\/cms\/wp-content\/uploads\/Kreis_03.png\" class=\"attachment-post-thumbnail size-post-thumbnail wp-post-image\" alt=\"Ausstellungsprojekt: ABGEGEBEN\" style=\"height:70px;object-fit:contain;\" srcset=\"https:\/\/kati-bischoffberger.com\/cms\/wp-content\/uploads\/Kreis_03.png 200w, https:\/\/kati-bischoffberger.com\/cms\/wp-content\/uploads\/Kreis_03-150x150.png 150w\" sizes=\"auto, (max-width: 200px) 100vw, 200px\" \/><\/a><\/figure><\/div>\n\n\n\n<div class=\"wp-block-column is-vertically-aligned-top is-layout-flow wp-block-column-is-layout-flow\"><h3 class=\"wp-block-post-title\"><a href=\"https:\/\/kati-bischoffberger.com\/cms\/sommerpause-15-7-20-08\/\" target=\"_self\" >Ausstellungsprojekt: ABGEGEBEN<\/a><\/h3>\n\n<div class=\"entry-content wp-block-post-content is-layout-flow wp-block-post-content-is-layout-flow\">\n<p>Wochenkrippen in der DDR<\/p>\n\n\n\n<p>5. M\u00e4rz  &#8211;  1. Mai 2023   <strong> <a href=\"https:\/\/www.kunsthallerostock.de\/de\">Kunsthalle<\/a><a href=\"https:\/\/www.kunsthallerostock.de\/de\/ausstellungen\/ausstellung\/2023\/abgegeben-wochenkrippen-in-der-ddr\"> Rostock<\/a><\/strong><\/p>\n\n\n\n<p><\/p>\n\n\n\n<figure class=\"wp-block-image size-large\" id=\"https:\/\/www.kunsthallerostock.de\/de\"><a href=\"https:\/\/www.kunsthallerostock.de\/de\/ausstellungen\/ausstellung\/2023\/abgegeben-wochenkrippen-in-der-ddr\"><img loading=\"lazy\" decoding=\"async\" width=\"724\" height=\"1024\" src=\"https:\/\/kati-bischoffberger.com\/cms\/wp-content\/uploads\/KHR_Plakat_A2_abgegeben_Freigabe-Kopie-724x1024.jpg\" alt=\"https:\/\/www.kunsthallerostock.de\/de\/ausstellungen\/ausstellung\/2023\/abgegeben-wochenkrippen-in-der-ddr\" class=\"wp-image-2241\" srcset=\"https:\/\/kati-bischoffberger.com\/cms\/wp-content\/uploads\/KHR_Plakat_A2_abgegeben_Freigabe-Kopie-724x1024.jpg 724w, https:\/\/kati-bischoffberger.com\/cms\/wp-content\/uploads\/KHR_Plakat_A2_abgegeben_Freigabe-Kopie-212x300.jpg 212w, https:\/\/kati-bischoffberger.com\/cms\/wp-content\/uploads\/KHR_Plakat_A2_abgegeben_Freigabe-Kopie-768x1086.jpg 768w, https:\/\/kati-bischoffberger.com\/cms\/wp-content\/uploads\/KHR_Plakat_A2_abgegeben_Freigabe-Kopie-1086x1536.jpg 1086w, https:\/\/kati-bischoffberger.com\/cms\/wp-content\/uploads\/KHR_Plakat_A2_abgegeben_Freigabe-Kopie.jpg 1181w\" sizes=\"auto, (max-width: 724px) 100vw, 724px\" \/><\/a><\/figure>\n\n\n\n <a href=\"https:\/\/kati-bischoffberger.com\/cms\/sommerpause-15-7-20-08\/#more-2161\" class=\"more-link\"><span aria-label=\"Ausstellungsprojekt: ABGEGEBEN weiterlesen\">(mehr\u00a0&hellip;)<\/span><\/a><\/div>\n\n\n<div style=\"height:3rem\" aria-hidden=\"true\" class=\"wp-block-spacer\"><\/div>\n<\/div>\n<\/div>\n\n<\/li><\/ul>\n\n<\/div>\n<\/div>\n\n\n\n<div class=\"wp-block-column is-layout-flow wp-block-column-is-layout-flow\" style=\"flex-basis:20%\"><\/div>\n<\/div>\n\n\n\n<figure class=\"wp-block-image aligncenter size-full\"><img loading=\"lazy\" decoding=\"async\" width=\"666\" height=\"399\" src=\"http:\/\/kati-bischoffberger.com\/cms\/wp-content\/uploads\/Trennelement.jpeg\" alt=\"\" class=\"wp-image-1774\" srcset=\"https:\/\/kati-bischoffberger.com\/cms\/wp-content\/uploads\/Trennelement.jpeg 666w, https:\/\/kati-bischoffberger.com\/cms\/wp-content\/uploads\/Trennelement-300x180.jpeg 300w\" sizes=\"auto, (max-width: 666px) 100vw, 666px\" \/><\/figure>\n","protected":false},"excerpt":{"rendered":"<p>News Hier m\u00f6chte ich Ihnen zeigen, welche Art von Kunst ich schaffe. Sie werden mich kennenlernen und k\u00f6nnen zugleich einen \u00dcberblick von meinen Arbeiten bekommen.<\/p>\n","protected":false},"author":1,"featured_media":0,"parent":0,"menu_order":5,"comment_status":"closed","ping_status":"closed","template":"","meta":{"footnotes":""},"class_list":["post-1099","page","type-page","status-publish","hentry"],"_links":{"self":[{"href":"https:\/\/kati-bischoffberger.com\/cms\/wp-json\/wp\/v2\/pages\/1099","targetHints":{"allow":["GET"]}}],"collection":[{"href":"https:\/\/kati-bischoffberger.com\/cms\/wp-json\/wp\/v2\/pages"}],"about":[{"href":"https:\/\/kati-bischoffberger.com\/cms\/wp-json\/wp\/v2\/types\/page"}],"author":[{"embeddable":true,"href":"https:\/\/kati-bischoffberger.com\/cms\/wp-json\/wp\/v2\/users\/1"}],"replies":[{"embeddable":true,"href":"https:\/\/kati-bischoffberger.com\/cms\/wp-json\/wp\/v2\/comments?post=1099"}],"version-history":[{"count":81,"href":"https:\/\/kati-bischoffberger.com\/cms\/wp-json\/wp\/v2\/pages\/1099\/revisions"}],"predecessor-version":[{"id":2130,"href":"https:\/\/kati-bischoffberger.com\/cms\/wp-json\/wp\/v2\/pages\/1099\/revisions\/2130"}],"wp:attachment":[{"href":"https:\/\/kati-bischoffberger.com\/cms\/wp-json\/wp\/v2\/media?parent=1099"}],"curies":[{"name":"wp","href":"https:\/\/api.w.org\/{rel}","templated":true}]}}