{"id":1009,"date":"2022-03-31T10:53:41","date_gmt":"2022-03-31T08:53:41","guid":{"rendered":"http:\/\/localhost\/kati-bischoffberger\/cms\/?page_id=1009"},"modified":"2022-07-13T12:05:14","modified_gmt":"2022-07-13T10:05:14","slug":"herzenssachen","status":"publish","type":"page","link":"https:\/\/kati-bischoffberger.com\/cms\/herzenssachen\/","title":{"rendered":"Herzenssachen"},"content":{"rendered":"\n<div class=\"wp-block-group titelbereich-herzenssachen has-background is-layout-flow wp-block-group-is-layout-flow\" style=\"background-color:#b7d625\">\n<figure class=\"wp-block-image aligncenter size-full\"><img loading=\"lazy\" decoding=\"async\" width=\"415\" height=\"208\" src=\"http:\/\/kati-bischoffberger.com\/cms\/wp-content\/uploads\/Herzenssachen.png\" alt=\"\" class=\"wp-image-1793\" srcset=\"https:\/\/kati-bischoffberger.com\/cms\/wp-content\/uploads\/Herzenssachen.png 415w, https:\/\/kati-bischoffberger.com\/cms\/wp-content\/uploads\/Herzenssachen-300x150.png 300w\" sizes=\"auto, (max-width: 415px) 100vw, 415px\" \/><\/figure>\n\n\n\n<h2 class=\"has-text-align-center wp-block-heading\">Herzenssachen<\/h2>\n\n\n\n<div class=\"wp-block-group is-layout-constrained wp-container-core-group-is-layout-018955b2 wp-block-group-is-layout-constrained\" style=\"padding-bottom:1rem\">\n<p class=\"has-text-align-center\">Ich bin au\u00dfer mir in mir.<\/p>\n\n\n\n<p class=\"has-text-align-center\">Auf dieser Seite kn\u00fcpfe ich einen gro\u00dfmaschigen, leuchtenden Herzensteppich.<br>M\u00f6gen ihm Fl\u00fcgel wachsen und sich sein Wirkradius verhundertfachen!<\/p>\n\n\n\n<p class=\"has-text-align-center\">Folgend stelle ich Menschen\/ Projekte vor, die mich ber\u00fchren, inspirieren und motivieren.<br>Lustvoll und nachdr\u00fccklich m\u00f6chte ich auf die sich erg\u00e4nzenden, sehr unterschiedlichen Sch\u00f6pferqualit\u00e4ten hinweisen.<\/p>\n\n\n\n<p class=\"has-text-align-center\">Voil\u00e0!<\/p>\n<\/div>\n<\/div>\n\n\n\n<div class=\"wp-block-group is-layout-flow wp-block-group-is-layout-flow\" style=\"padding-top:4rem;padding-right:6vw;padding-left:6vw\">\n<h2 class=\"wp-block-heading\">Neueste Herzenssachen<\/h2>\n\n\n\n<div class=\"wp-block-query is-layout-flow wp-block-query-is-layout-flow\"><ul class=\"wp-block-post-template is-layout-flow wp-block-post-template-is-layout-flow\"><li class=\"wp-block-post post-2208 post type-post status-publish format-standard has-post-thumbnail hentry category-herzenssachen\">\n\n<div class=\"wp-block-columns is-layout-flex wp-container-core-columns-is-layout-28f84493 wp-block-columns-is-layout-flex\">\n<div class=\"wp-block-column is-layout-flow wp-block-column-is-layout-flow\" style=\"flex-basis:35%\"><figure style=\"width:300px;\" class=\"aligncenter wp-block-post-featured-image\"><img loading=\"lazy\" decoding=\"async\" width=\"400\" height=\"315\" src=\"https:\/\/kati-bischoffberger.com\/cms\/wp-content\/uploads\/knopx_logo_gross.jpg\" class=\"attachment-post-thumbnail size-post-thumbnail wp-post-image\" alt=\"\" style=\"object-fit:contain;\" srcset=\"https:\/\/kati-bischoffberger.com\/cms\/wp-content\/uploads\/knopx_logo_gross.jpg 400w, https:\/\/kati-bischoffberger.com\/cms\/wp-content\/uploads\/knopx_logo_gross-300x236.jpg 300w\" sizes=\"auto, (max-width: 400px) 100vw, 400px\" \/><\/figure><\/div>\n\n\n\n<div class=\"wp-block-column is-layout-flow wp-block-column-is-layout-flow\"><div class=\"wp-block-post-date\"><time datetime=\"2022-07-12T10:33:54+02:00\">12. Juli 2022<\/time><\/div>\n\n<h3 class=\"wp-block-post-title\">KNOPX<\/h3>\n\n<div class=\"entry-content wp-block-post-content is-layout-flow wp-block-post-content-is-layout-flow\">\n<p>\u2026 h\u00f6chst professionell und beharrlich wurde f\u00fcr mich hier diese Webseite gestaltet \u2026 das Ergebnis spricht f\u00fcr<br>sich! Ich habe sehr zu danken!<br><a href=\"https:\/\/www.knopx.de\" target=\"_blank\" rel=\"noreferrer noopener\">https:\/\/www.knopx.de<\/a><\/p>\n\n\n\n<figure class=\"wp-block-image size-large is-resized\"><img loading=\"lazy\" decoding=\"async\" src=\"https:\/\/kati-bischoffberger.com\/cms\/wp-content\/uploads\/Einladung_EMail-1004x1024.jpg\" alt=\"Einladung f\u00fcr Ausstellung EINSEIN\" class=\"wp-image-2204\" width=\"502\" height=\"512\" srcset=\"https:\/\/kati-bischoffberger.com\/cms\/wp-content\/uploads\/Einladung_EMail-1004x1024.jpg 1004w, https:\/\/kati-bischoffberger.com\/cms\/wp-content\/uploads\/Einladung_EMail-294x300.jpg 294w, https:\/\/kati-bischoffberger.com\/cms\/wp-content\/uploads\/Einladung_EMail-768x783.jpg 768w, https:\/\/kati-bischoffberger.com\/cms\/wp-content\/uploads\/Einladung_EMail.jpg 1142w\" sizes=\"auto, (max-width: 502px) 100vw, 502px\" \/><\/figure>\n\n\n\n<p><\/p>\n<\/div><\/div>\n<\/div>\n\n<\/li><li class=\"wp-block-post post-2050 post type-post status-publish format-standard has-post-thumbnail hentry category-herzenssachen\">\n\n<div class=\"wp-block-columns is-layout-flex wp-container-core-columns-is-layout-28f84493 wp-block-columns-is-layout-flex\">\n<div class=\"wp-block-column is-layout-flow wp-block-column-is-layout-flow\" style=\"flex-basis:35%\"><figure style=\"width:300px;\" class=\"aligncenter wp-block-post-featured-image\"><img loading=\"lazy\" decoding=\"async\" width=\"576\" height=\"604\" src=\"https:\/\/kati-bischoffberger.com\/cms\/wp-content\/uploads\/Sabine-Eichler.jpeg\" class=\"attachment-post-thumbnail size-post-thumbnail wp-post-image\" alt=\"\" style=\"object-fit:contain;\" srcset=\"https:\/\/kati-bischoffberger.com\/cms\/wp-content\/uploads\/Sabine-Eichler.jpeg 576w, https:\/\/kati-bischoffberger.com\/cms\/wp-content\/uploads\/Sabine-Eichler-286x300.jpeg 286w\" sizes=\"auto, (max-width: 576px) 100vw, 576px\" \/><\/figure><\/div>\n\n\n\n<div class=\"wp-block-column is-layout-flow wp-block-column-is-layout-flow\"><div class=\"wp-block-post-date\"><time datetime=\"2022-06-13T10:28:36+02:00\">13. Juni 2022<\/time><\/div>\n\n<h3 class=\"wp-block-post-title\">Wunderbare Texte und Grafiken!<\/h3>\n\n<div class=\"entry-content wp-block-post-content is-layout-flow wp-block-post-content-is-layout-flow\">\n<p>Wie steht\u2018s? Wohin geht\u2018s? Eine der kreativsten Frauen der Welt:<br><a href=\"http:\/\/www.sabine-eichler-blog.de\">www.sabine-eichler-blog.de<\/a><\/p>\n\n\n\n<p>Hier erwartet dich ein geniales Hilfsmittel, um eine Orientierungslosigkeit (soll vorkommen) aufzul\u00f6sen. Trau dich! Diese Begegnung macht Spa\u00df, bringt Selbsterkenntnis und du findest aus dir heraus L\u00f6sungsans\u00e4tze.<\/p>\n\n\n\n<p>Und f\u00fcr mich und diese Webseite hat Sabine herrliche Textbausteine entwickelt\u2026 !<\/p>\n<\/div><\/div>\n<\/div>\n\n<\/li><\/ul><\/div>\n\n\n\n<div style=\"height:4rem\" aria-hidden=\"true\" class=\"wp-block-spacer zwischenraum\"><\/div>\n<\/div>\n\n\n\n<div class=\"wp-block-columns is-layout-flex wp-container-core-columns-is-layout-28f84493 wp-block-columns-is-layout-flex\">\n<div class=\"wp-block-column is-layout-flow wp-block-column-is-layout-flow\" style=\"flex-basis:25%\"><\/div>\n\n\n\n<div class=\"wp-block-column is-layout-flow wp-block-column-is-layout-flow\" style=\"flex-basis:50%\">\n<div class=\"wp-block-query alignwide is-layout-flow wp-block-query-is-layout-flow\"><ul class=\"wp-block-post-template is-layout-flow wp-block-post-template-is-layout-flow\"><li class=\"wp-block-post post-2210 post type-post status-publish format-standard hentry category-herzenssachen\">\n\n<div class=\"wp-block-columns is-layout-flex wp-container-core-columns-is-layout-28f84493 wp-block-columns-is-layout-flex\">\n<div class=\"wp-block-column is-layout-flow wp-block-column-is-layout-flow\" style=\"flex-basis:84px\"><\/div>\n\n\n\n<div class=\"wp-block-column is-layout-flow wp-block-column-is-layout-flow\" style=\"flex-basis:66.66%\"><div style=\"font-style:normal;font-weight:300;\" class=\"wp-block-post-date has-medium-font-size\"><time datetime=\"2022-07-12T10:37:11+02:00\"><a href=\"https:\/\/kati-bischoffberger.com\/cms\/die-freundlichste-und-geduldigste-webdesignerin-programmiererin-die-ich-kenne\/\">Juli 12, 2022<\/a><\/time><\/div>\n\n<h2 style=\"font-style:normal;font-weight:700;\" class=\"wp-block-post-title has-medium-font-size\">Die freundlichste und geduldigste Webdesignerin\/ Programmiererin die ich kenne &#8230;<\/h2>\n\n<div class=\"entry-content wp-block-post-content is-layout-flow wp-block-post-content-is-layout-flow\">\n<figure class=\"wp-block-image size-full is-resized\"><img loading=\"lazy\" decoding=\"async\" src=\"https:\/\/kati-bischoffberger.com\/cms\/wp-content\/uploads\/andreea_stefan_egraphia_logo.png\" alt=\"Andreea Stefan eGraphia\" class=\"wp-image-2212\" width=\"160\" height=\"30\" srcset=\"https:\/\/kati-bischoffberger.com\/cms\/wp-content\/uploads\/andreea_stefan_egraphia_logo.png 320w, https:\/\/kati-bischoffberger.com\/cms\/wp-content\/uploads\/andreea_stefan_egraphia_logo-300x56.png 300w\" sizes=\"auto, (max-width: 160px) 100vw, 160px\" \/><\/figure>\n\n\n\n<p>\u2026 ist Andreea Stefan. Sie hat diese Webseite f\u00fcr mich voller Nachsicht f\u00fcr all mein inneres Durcheinander programmiert. Ich kann sie euch ganz sehr ans Herz legen!<\/p>\n<\/div><\/div>\n<\/div>\n\n<\/li><\/ul>\n\n<\/div>\n<\/div>\n\n\n\n<div class=\"wp-block-column is-layout-flow wp-block-column-is-layout-flow\" style=\"flex-basis:25%\"><\/div>\n<\/div>\n\n\n\n<div class=\"wp-block-group is-layout-flow wp-block-group-is-layout-flow\" style=\"padding-bottom:4rem\"><\/div>\n","protected":false},"excerpt":{"rendered":"<p>Herzenssachen Ich bin au\u00dfer mir in mir. Auf dieser Seite kn\u00fcpfe ich einen gro\u00dfmaschigen, leuchtenden Herzensteppich.M\u00f6gen ihm Fl\u00fcgel wachsen und sich sein Wirkradius verhundertfachen! Folgend stelle ich Menschen\/ Projekte vor, die mich ber\u00fchren, inspirieren und motivieren.Lustvoll und nachdr\u00fccklich m\u00f6chte ich auf die sich erg\u00e4nzenden, sehr unterschiedlichen Sch\u00f6pferqualit\u00e4ten hinweisen. Voil\u00e0! Neueste Herzenssachen<\/p>\n","protected":false},"author":1,"featured_media":0,"parent":0,"menu_order":4,"comment_status":"closed","ping_status":"closed","template":"","meta":{"footnotes":""},"class_list":["post-1009","page","type-page","status-publish","hentry"],"_links":{"self":[{"href":"https:\/\/kati-bischoffberger.com\/cms\/wp-json\/wp\/v2\/pages\/1009","targetHints":{"allow":["GET"]}}],"collection":[{"href":"https:\/\/kati-bischoffberger.com\/cms\/wp-json\/wp\/v2\/pages"}],"about":[{"href":"https:\/\/kati-bischoffberger.com\/cms\/wp-json\/wp\/v2\/types\/page"}],"author":[{"embeddable":true,"href":"https:\/\/kati-bischoffberger.com\/cms\/wp-json\/wp\/v2\/users\/1"}],"replies":[{"embeddable":true,"href":"https:\/\/kati-bischoffberger.com\/cms\/wp-json\/wp\/v2\/comments?post=1009"}],"version-history":[{"count":88,"href":"https:\/\/kati-bischoffberger.com\/cms\/wp-json\/wp\/v2\/pages\/1009\/revisions"}],"predecessor-version":[{"id":2232,"href":"https:\/\/kati-bischoffberger.com\/cms\/wp-json\/wp\/v2\/pages\/1009\/revisions\/2232"}],"wp:attachment":[{"href":"https:\/\/kati-bischoffberger.com\/cms\/wp-json\/wp\/v2\/media?parent=1009"}],"curies":[{"name":"wp","href":"https:\/\/api.w.org\/{rel}","templated":true}]}}